{"id":323,"date":"2022-08-23T11:28:38","date_gmt":"2022-08-23T09:28:38","guid":{"rendered":"https:\/\/bruce-darnell-homestyling.com\/?page_id=323"},"modified":"2022-08-26T12:59:47","modified_gmt":"2022-08-26T10:59:47","slug":"showroom-magazin-ibiza","status":"publish","type":"page","link":"https:\/\/bruce-darnell-homestyling.com\/de\/showroom-magazin-ibiza\/","title":{"rendered":"Showroom"},"content":{"rendered":"","protected":false},"excerpt":{"rendered":"","protected":false},"author":1,"featured_media":0,"parent":0,"menu_order":0,"comment_status":"closed","ping_status":"closed","template":"page-showroom.php","meta":{"_acf_changed":false,"footnotes":""},"class_list":["post-323","page","type-page","status-publish","hentry"],"acf":[],"yoast_head":"<!-- This site is optimized with the Yoast SEO plugin v27.5 - https:\/\/yoast.com\/product\/yoast-seo-wordpress\/ -->\n<title>Bruce Darnell - Showroom - Magazin Ibiza<\/title>\n<meta name=\"description\" content=\"Durch die Kooperation mit dem Magazin Ibiza hat sich Bruce einen der gr\u00f6\u00dften und kreativsten Anbieter f\u00fcr M\u00f6bel &amp; Dekoration auf Ibiza ausgesucht.\" \/>\n<meta name=\"robots\" content=\"index, follow, max-snippet:-1, max-image-preview:large, max-video-preview:-1\" \/>\n<link rel=\"canonical\" href=\"https:\/\/bruce-darnell-homestyling.com\/de\/showroom-magazin-ibiza\/\" \/>\n<meta property=\"og:locale\" content=\"de_DE\" \/>\n<meta property=\"og:type\" content=\"article\" \/>\n<meta property=\"og:title\" content=\"Bruce Darnell - Showroom - Magazin Ibiza\" \/>\n<meta property=\"og:description\" content=\"Durch die Kooperation mit dem Magazin Ibiza hat sich Bruce einen der gr\u00f6\u00dften und kreativsten Anbieter f\u00fcr M\u00f6bel &amp; Dekoration auf Ibiza ausgesucht.\" \/>\n<meta property=\"og:url\" content=\"https:\/\/bruce-darnell-homestyling.com\/de\/showroom-magazin-ibiza\/\" \/>\n<meta property=\"og:site_name\" content=\"Bruce Darnell - Interior Art &amp; HomeStyling\" \/>\n<meta property=\"article:modified_time\" content=\"2022-08-26T10:59:47+00:00\" \/>\n<meta name=\"twitter:card\" content=\"summary_large_image\" \/>\n<script type=\"application\/ld+json\" class=\"yoast-schema-graph\">{\"@context\":\"https:\\\/\\\/schema.org\",\"@graph\":[{\"@type\":\"WebPage\",\"@id\":\"https:\\\/\\\/bruce-darnell-homestyling.com\\\/de\\\/showroom-magazin-ibiza\\\/\",\"url\":\"https:\\\/\\\/bruce-darnell-homestyling.com\\\/de\\\/showroom-magazin-ibiza\\\/\",\"name\":\"Bruce Darnell - Showroom - Magazin Ibiza\",\"isPartOf\":{\"@id\":\"https:\\\/\\\/bruce-darnell-homestyling.com\\\/de\\\/#website\"},\"datePublished\":\"2022-08-23T09:28:38+00:00\",\"dateModified\":\"2022-08-26T10:59:47+00:00\",\"description\":\"Durch die Kooperation mit dem Magazin Ibiza hat sich Bruce einen der gr\u00f6\u00dften und kreativsten Anbieter f\u00fcr M\u00f6bel & Dekoration auf Ibiza ausgesucht.\",\"breadcrumb\":{\"@id\":\"https:\\\/\\\/bruce-darnell-homestyling.com\\\/de\\\/showroom-magazin-ibiza\\\/#breadcrumb\"},\"inLanguage\":\"de\",\"potentialAction\":[{\"@type\":\"ReadAction\",\"target\":[[\"https:\\\/\\\/bruce-darnell-homestyling.com\\\/de\\\/showroom-magazin-ibiza\\\/\"]]}]},{\"@type\":\"BreadcrumbList\",\"@id\":\"https:\\\/\\\/bruce-darnell-homestyling.com\\\/de\\\/showroom-magazin-ibiza\\\/#breadcrumb\",\"itemListElement\":[{\"@type\":\"ListItem\",\"position\":1,\"name\":\"Home\",\"item\":\"https:\\\/\\\/bruce-darnell-homestyling.com\\\/de\\\/\"},{\"@type\":\"ListItem\",\"position\":2,\"name\":\"Showroom\"}]},{\"@type\":\"WebSite\",\"@id\":\"https:\\\/\\\/bruce-darnell-homestyling.com\\\/de\\\/#website\",\"url\":\"https:\\\/\\\/bruce-darnell-homestyling.com\\\/de\\\/\",\"name\":\"Bruce Darnell - Interior Art &amp; HomeStyling\",\"description\":\"Welcome to a World of Style\",\"publisher\":{\"@id\":\"https:\\\/\\\/bruce-darnell-homestyling.com\\\/de\\\/#organization\"},\"potentialAction\":[{\"@type\":\"SearchAction\",\"target\":{\"@type\":\"EntryPoint\",\"urlTemplate\":\"https:\\\/\\\/bruce-darnell-homestyling.com\\\/de\\\/?s={search_term_string}\"},\"query-input\":{\"@type\":\"PropertyValueSpecification\",\"valueRequired\":true,\"valueName\":\"search_term_string\"}}],\"inLanguage\":\"de\"},{\"@type\":\"Organization\",\"@id\":\"https:\\\/\\\/bruce-darnell-homestyling.com\\\/de\\\/#organization\",\"name\":\"Bruce Darnell - Interior, Art and Home Styling\",\"url\":\"https:\\\/\\\/bruce-darnell-homestyling.com\\\/de\\\/\",\"logo\":{\"@type\":\"ImageObject\",\"inLanguage\":\"de\",\"@id\":\"https:\\\/\\\/bruce-darnell-homestyling.com\\\/de\\\/#\\\/schema\\\/logo\\\/image\\\/\",\"url\":\"https:\\\/\\\/bruce-darnell-homestyling.com\\\/wp-content\\\/uploads\\\/2022\\\/08\\\/bruceico.png\",\"contentUrl\":\"https:\\\/\\\/bruce-darnell-homestyling.com\\\/wp-content\\\/uploads\\\/2022\\\/08\\\/bruceico.png\",\"width\":350,\"height\":350,\"caption\":\"Bruce Darnell - Interior, Art and Home Styling\"},\"image\":{\"@id\":\"https:\\\/\\\/bruce-darnell-homestyling.com\\\/de\\\/#\\\/schema\\\/logo\\\/image\\\/\"}}]}<\/script>\n<!-- \/ Yoast SEO plugin. -->","yoast_head_json":{"title":"Bruce Darnell - Showroom - Magazin Ibiza","description":"Durch die Kooperation mit dem Magazin Ibiza hat sich Bruce einen der gr\u00f6\u00dften und kreativsten Anbieter f\u00fcr M\u00f6bel & Dekoration auf Ibiza ausgesucht.","robots":{"index":"index","follow":"follow","max-snippet":"max-snippet:-1","max-image-preview":"max-image-preview:large","max-video-preview":"max-video-preview:-1"},"canonical":"https:\/\/bruce-darnell-homestyling.com\/de\/showroom-magazin-ibiza\/","og_locale":"de_DE","og_type":"article","og_title":"Bruce Darnell - Showroom - Magazin Ibiza","og_description":"Durch die Kooperation mit dem Magazin Ibiza hat sich Bruce einen der gr\u00f6\u00dften und kreativsten Anbieter f\u00fcr M\u00f6bel & Dekoration auf Ibiza ausgesucht.","og_url":"https:\/\/bruce-darnell-homestyling.com\/de\/showroom-magazin-ibiza\/","og_site_name":"Bruce Darnell - Interior Art &amp; HomeStyling","article_modified_time":"2022-08-26T10:59:47+00:00","twitter_card":"summary_large_image","schema":{"@context":"https:\/\/schema.org","@graph":[{"@type":"WebPage","@id":"https:\/\/bruce-darnell-homestyling.com\/de\/showroom-magazin-ibiza\/","url":"https:\/\/bruce-darnell-homestyling.com\/de\/showroom-magazin-ibiza\/","name":"Bruce Darnell - Showroom - Magazin Ibiza","isPartOf":{"@id":"https:\/\/bruce-darnell-homestyling.com\/de\/#website"},"datePublished":"2022-08-23T09:28:38+00:00","dateModified":"2022-08-26T10:59:47+00:00","description":"Durch die Kooperation mit dem Magazin Ibiza hat sich Bruce einen der gr\u00f6\u00dften und kreativsten Anbieter f\u00fcr M\u00f6bel & Dekoration auf Ibiza ausgesucht.","breadcrumb":{"@id":"https:\/\/bruce-darnell-homestyling.com\/de\/showroom-magazin-ibiza\/#breadcrumb"},"inLanguage":"de","potentialAction":[{"@type":"ReadAction","target":[["https:\/\/bruce-darnell-homestyling.com\/de\/showroom-magazin-ibiza\/"]]}]},{"@type":"BreadcrumbList","@id":"https:\/\/bruce-darnell-homestyling.com\/de\/showroom-magazin-ibiza\/#breadcrumb","itemListElement":[{"@type":"ListItem","position":1,"name":"Home","item":"https:\/\/bruce-darnell-homestyling.com\/de\/"},{"@type":"ListItem","position":2,"name":"Showroom"}]},{"@type":"WebSite","@id":"https:\/\/bruce-darnell-homestyling.com\/de\/#website","url":"https:\/\/bruce-darnell-homestyling.com\/de\/","name":"Bruce Darnell - Interior Art &amp; HomeStyling","description":"Welcome to a World of Style","publisher":{"@id":"https:\/\/bruce-darnell-homestyling.com\/de\/#organization"},"potentialAction":[{"@type":"SearchAction","target":{"@type":"EntryPoint","urlTemplate":"https:\/\/bruce-darnell-homestyling.com\/de\/?s={search_term_string}"},"query-input":{"@type":"PropertyValueSpecification","valueRequired":true,"valueName":"search_term_string"}}],"inLanguage":"de"},{"@type":"Organization","@id":"https:\/\/bruce-darnell-homestyling.com\/de\/#organization","name":"Bruce Darnell - Interior, Art and Home Styling","url":"https:\/\/bruce-darnell-homestyling.com\/de\/","logo":{"@type":"ImageObject","inLanguage":"de","@id":"https:\/\/bruce-darnell-homestyling.com\/de\/#\/schema\/logo\/image\/","url":"https:\/\/bruce-darnell-homestyling.com\/wp-content\/uploads\/2022\/08\/bruceico.png","contentUrl":"https:\/\/bruce-darnell-homestyling.com\/wp-content\/uploads\/2022\/08\/bruceico.png","width":350,"height":350,"caption":"Bruce Darnell - Interior, Art and Home Styling"},"image":{"@id":"https:\/\/bruce-darnell-homestyling.com\/de\/#\/schema\/logo\/image\/"}}]}},"_links":{"self":[{"href":"https:\/\/bruce-darnell-homestyling.com\/de\/wp-json\/wp\/v2\/pages\/323","targetHints":{"allow":["GET"]}}],"collection":[{"href":"https:\/\/bruce-darnell-homestyling.com\/de\/wp-json\/wp\/v2\/pages"}],"about":[{"href":"https:\/\/bruce-darnell-homestyling.com\/de\/wp-json\/wp\/v2\/types\/page"}],"author":[{"embeddable":true,"href":"https:\/\/bruce-darnell-homestyling.com\/de\/wp-json\/wp\/v2\/users\/1"}],"replies":[{"embeddable":true,"href":"https:\/\/bruce-darnell-homestyling.com\/de\/wp-json\/wp\/v2\/comments?post=323"}],"version-history":[{"count":5,"href":"https:\/\/bruce-darnell-homestyling.com\/de\/wp-json\/wp\/v2\/pages\/323\/revisions"}],"predecessor-version":[{"id":513,"href":"https:\/\/bruce-darnell-homestyling.com\/de\/wp-json\/wp\/v2\/pages\/323\/revisions\/513"}],"wp:attachment":[{"href":"https:\/\/bruce-darnell-homestyling.com\/de\/wp-json\/wp\/v2\/media?parent=323"}],"curies":[{"name":"wp","href":"https:\/\/api.w.org\/{rel}","templated":true}]}}