{"id":15,"date":"2022-07-18T14:55:16","date_gmt":"2022-07-18T14:55:16","guid":{"rendered":"http:\/\/bruce-darnell-homestyling.com\/?page_id=15"},"modified":"2022-08-26T13:01:42","modified_gmt":"2022-08-26T11:01:42","slug":"myprojects","status":"publish","type":"page","link":"https:\/\/bruce-darnell-homestyling.com\/de\/myprojects\/","title":{"rendered":"Projekte"},"content":{"rendered":"","protected":false},"excerpt":{"rendered":"","protected":false},"author":1,"featured_media":0,"parent":0,"menu_order":0,"comment_status":"closed","ping_status":"closed","template":"page-projects.php","meta":{"_acf_changed":false,"footnotes":""},"class_list":["post-15","page","type-page","status-publish","hentry"],"acf":[],"yoast_head":"<!-- This site is optimized with the Yoast SEO plugin v26.6 - https:\/\/yoast.com\/wordpress\/plugins\/seo\/ -->\n<title>Projekte - Bruce Darnell - Interior Art &amp; HomeStyling<\/title>\n<meta name=\"description\" content=\"Um eine Identit\u00e4t durch R\u00e4ume zum Ausdruck zu bringen, f\u00fcgen Sie Bruce Darnells Handschrift hinzu und zelebrieren Sie die Vielfalt der Materialien, Texturen, Farben und Stile, die von seinen Reisen um die Welt herr\u00fchren.\" \/>\n<meta name=\"robots\" content=\"index, follow, max-snippet:-1, max-image-preview:large, max-video-preview:-1\" \/>\n<link rel=\"canonical\" href=\"https:\/\/bruce-darnell-homestyling.com\/de\/myprojects\/\" \/>\n<meta property=\"og:locale\" content=\"de_DE\" \/>\n<meta property=\"og:type\" content=\"article\" \/>\n<meta property=\"og:title\" content=\"Projekte - Bruce Darnell - Interior Art &amp; HomeStyling\" \/>\n<meta property=\"og:description\" content=\"Um eine Identit\u00e4t durch R\u00e4ume zum Ausdruck zu bringen, f\u00fcgen Sie Bruce Darnells Handschrift hinzu und zelebrieren Sie die Vielfalt der Materialien, Texturen, Farben und Stile, die von seinen Reisen um die Welt herr\u00fchren.\" \/>\n<meta property=\"og:url\" content=\"https:\/\/bruce-darnell-homestyling.com\/de\/myprojects\/\" \/>\n<meta property=\"og:site_name\" content=\"Bruce Darnell - Interior Art &amp; HomeStyling\" \/>\n<meta property=\"article:modified_time\" content=\"2022-08-26T11:01:42+00:00\" \/>\n<meta name=\"twitter:card\" content=\"summary_large_image\" \/>\n<script type=\"application\/ld+json\" class=\"yoast-schema-graph\">{\"@context\":\"https:\/\/schema.org\",\"@graph\":[{\"@type\":\"WebPage\",\"@id\":\"https:\/\/bruce-darnell-homestyling.com\/de\/myprojects\/\",\"url\":\"https:\/\/bruce-darnell-homestyling.com\/de\/myprojects\/\",\"name\":\"Projekte - Bruce Darnell - Interior Art & HomeStyling\",\"isPartOf\":{\"@id\":\"https:\/\/bruce-darnell-homestyling.com\/de\/#website\"},\"datePublished\":\"2022-07-18T14:55:16+00:00\",\"dateModified\":\"2022-08-26T11:01:42+00:00\",\"description\":\"Um eine Identit\u00e4t durch R\u00e4ume zum Ausdruck zu bringen, f\u00fcgen Sie Bruce Darnells Handschrift hinzu und zelebrieren Sie die Vielfalt der Materialien, Texturen, Farben und Stile, die von seinen Reisen um die Welt herr\u00fchren.\",\"breadcrumb\":{\"@id\":\"https:\/\/bruce-darnell-homestyling.com\/de\/myprojects\/#breadcrumb\"},\"inLanguage\":\"de\",\"potentialAction\":[{\"@type\":\"ReadAction\",\"target\":[[\"https:\/\/bruce-darnell-homestyling.com\/de\/myprojects\/\"]]}]},{\"@type\":\"BreadcrumbList\",\"@id\":\"https:\/\/bruce-darnell-homestyling.com\/de\/myprojects\/#breadcrumb\",\"itemListElement\":[{\"@type\":\"ListItem\",\"position\":1,\"name\":\"Home\",\"item\":\"https:\/\/bruce-darnell-homestyling.com\/de\/\"},{\"@type\":\"ListItem\",\"position\":2,\"name\":\"Projects\"}]},{\"@type\":\"WebSite\",\"@id\":\"https:\/\/bruce-darnell-homestyling.com\/de\/#website\",\"url\":\"https:\/\/bruce-darnell-homestyling.com\/de\/\",\"name\":\"Bruce Darnell - Interior Art &amp; HomeStyling\",\"description\":\"Welcome to a World of Style\",\"publisher\":{\"@id\":\"https:\/\/bruce-darnell-homestyling.com\/de\/#organization\"},\"potentialAction\":[{\"@type\":\"SearchAction\",\"target\":{\"@type\":\"EntryPoint\",\"urlTemplate\":\"https:\/\/bruce-darnell-homestyling.com\/de\/?s={search_term_string}\"},\"query-input\":{\"@type\":\"PropertyValueSpecification\",\"valueRequired\":true,\"valueName\":\"search_term_string\"}}],\"inLanguage\":\"de\"},{\"@type\":\"Organization\",\"@id\":\"https:\/\/bruce-darnell-homestyling.com\/de\/#organization\",\"name\":\"Bruce Darnell - Interior, Art and Home Styling\",\"url\":\"https:\/\/bruce-darnell-homestyling.com\/de\/\",\"logo\":{\"@type\":\"ImageObject\",\"inLanguage\":\"de\",\"@id\":\"https:\/\/bruce-darnell-homestyling.com\/de\/#\/schema\/logo\/image\/\",\"url\":\"https:\/\/bruce-darnell-homestyling.com\/wp-content\/uploads\/2022\/08\/bruceico.png\",\"contentUrl\":\"https:\/\/bruce-darnell-homestyling.com\/wp-content\/uploads\/2022\/08\/bruceico.png\",\"width\":350,\"height\":350,\"caption\":\"Bruce Darnell - Interior, Art and Home Styling\"},\"image\":{\"@id\":\"https:\/\/bruce-darnell-homestyling.com\/de\/#\/schema\/logo\/image\/\"}}]}<\/script>\n<!-- \/ Yoast SEO plugin. -->","yoast_head_json":{"title":"Projekte - Bruce Darnell - Interior Art & HomeStyling","description":"Um eine Identit\u00e4t durch R\u00e4ume zum Ausdruck zu bringen, f\u00fcgen Sie Bruce Darnells Handschrift hinzu und zelebrieren Sie die Vielfalt der Materialien, Texturen, Farben und Stile, die von seinen Reisen um die Welt herr\u00fchren.","robots":{"index":"index","follow":"follow","max-snippet":"max-snippet:-1","max-image-preview":"max-image-preview:large","max-video-preview":"max-video-preview:-1"},"canonical":"https:\/\/bruce-darnell-homestyling.com\/de\/myprojects\/","og_locale":"de_DE","og_type":"article","og_title":"Projekte - Bruce Darnell - Interior Art & HomeStyling","og_description":"Um eine Identit\u00e4t durch R\u00e4ume zum Ausdruck zu bringen, f\u00fcgen Sie Bruce Darnells Handschrift hinzu und zelebrieren Sie die Vielfalt der Materialien, Texturen, Farben und Stile, die von seinen Reisen um die Welt herr\u00fchren.","og_url":"https:\/\/bruce-darnell-homestyling.com\/de\/myprojects\/","og_site_name":"Bruce Darnell - Interior Art &amp; HomeStyling","article_modified_time":"2022-08-26T11:01:42+00:00","twitter_card":"summary_large_image","schema":{"@context":"https:\/\/schema.org","@graph":[{"@type":"WebPage","@id":"https:\/\/bruce-darnell-homestyling.com\/de\/myprojects\/","url":"https:\/\/bruce-darnell-homestyling.com\/de\/myprojects\/","name":"Projekte - Bruce Darnell - Interior Art & HomeStyling","isPartOf":{"@id":"https:\/\/bruce-darnell-homestyling.com\/de\/#website"},"datePublished":"2022-07-18T14:55:16+00:00","dateModified":"2022-08-26T11:01:42+00:00","description":"Um eine Identit\u00e4t durch R\u00e4ume zum Ausdruck zu bringen, f\u00fcgen Sie Bruce Darnells Handschrift hinzu und zelebrieren Sie die Vielfalt der Materialien, Texturen, Farben und Stile, die von seinen Reisen um die Welt herr\u00fchren.","breadcrumb":{"@id":"https:\/\/bruce-darnell-homestyling.com\/de\/myprojects\/#breadcrumb"},"inLanguage":"de","potentialAction":[{"@type":"ReadAction","target":[["https:\/\/bruce-darnell-homestyling.com\/de\/myprojects\/"]]}]},{"@type":"BreadcrumbList","@id":"https:\/\/bruce-darnell-homestyling.com\/de\/myprojects\/#breadcrumb","itemListElement":[{"@type":"ListItem","position":1,"name":"Home","item":"https:\/\/bruce-darnell-homestyling.com\/de\/"},{"@type":"ListItem","position":2,"name":"Projects"}]},{"@type":"WebSite","@id":"https:\/\/bruce-darnell-homestyling.com\/de\/#website","url":"https:\/\/bruce-darnell-homestyling.com\/de\/","name":"Bruce Darnell - Interior Art &amp; HomeStyling","description":"Welcome to a World of Style","publisher":{"@id":"https:\/\/bruce-darnell-homestyling.com\/de\/#organization"},"potentialAction":[{"@type":"SearchAction","target":{"@type":"EntryPoint","urlTemplate":"https:\/\/bruce-darnell-homestyling.com\/de\/?s={search_term_string}"},"query-input":{"@type":"PropertyValueSpecification","valueRequired":true,"valueName":"search_term_string"}}],"inLanguage":"de"},{"@type":"Organization","@id":"https:\/\/bruce-darnell-homestyling.com\/de\/#organization","name":"Bruce Darnell - Interior, Art and Home Styling","url":"https:\/\/bruce-darnell-homestyling.com\/de\/","logo":{"@type":"ImageObject","inLanguage":"de","@id":"https:\/\/bruce-darnell-homestyling.com\/de\/#\/schema\/logo\/image\/","url":"https:\/\/bruce-darnell-homestyling.com\/wp-content\/uploads\/2022\/08\/bruceico.png","contentUrl":"https:\/\/bruce-darnell-homestyling.com\/wp-content\/uploads\/2022\/08\/bruceico.png","width":350,"height":350,"caption":"Bruce Darnell - Interior, Art and Home Styling"},"image":{"@id":"https:\/\/bruce-darnell-homestyling.com\/de\/#\/schema\/logo\/image\/"}}]}},"_links":{"self":[{"href":"https:\/\/bruce-darnell-homestyling.com\/de\/wp-json\/wp\/v2\/pages\/15","targetHints":{"allow":["GET"]}}],"collection":[{"href":"https:\/\/bruce-darnell-homestyling.com\/de\/wp-json\/wp\/v2\/pages"}],"about":[{"href":"https:\/\/bruce-darnell-homestyling.com\/de\/wp-json\/wp\/v2\/types\/page"}],"author":[{"embeddable":true,"href":"https:\/\/bruce-darnell-homestyling.com\/de\/wp-json\/wp\/v2\/users\/1"}],"replies":[{"embeddable":true,"href":"https:\/\/bruce-darnell-homestyling.com\/de\/wp-json\/wp\/v2\/comments?post=15"}],"version-history":[{"count":4,"href":"https:\/\/bruce-darnell-homestyling.com\/de\/wp-json\/wp\/v2\/pages\/15\/revisions"}],"predecessor-version":[{"id":514,"href":"https:\/\/bruce-darnell-homestyling.com\/de\/wp-json\/wp\/v2\/pages\/15\/revisions\/514"}],"wp:attachment":[{"href":"https:\/\/bruce-darnell-homestyling.com\/de\/wp-json\/wp\/v2\/media?parent=15"}],"curies":[{"name":"wp","href":"https:\/\/api.w.org\/{rel}","templated":true}]}}